{"id":60,"date":"2016-06-14T01:43:48","date_gmt":"2016-06-14T01:43:48","guid":{"rendered":"http:\/\/sw-themes.com\/porto_dummy\/?page_id=60"},"modified":"2019-06-04T15:35:12","modified_gmt":"2019-06-04T15:35:12","slug":"sobre","status":"publish","type":"page","link":"http:\/\/adegacooperativadesabrosa.pt\/adega\/sobre\/","title":{"rendered":"A Adega"},"content":{"rendered":"<p>PT<\/p>\n<p>A Adega de Sabrosa, detentora da marca Fern\u00e3o de Magalh\u00e3es, produz vinhos desde 1958 e orgulha-se atualmente de produzir dos melhores vinhos do Douro. A vila de Sabrosa \u00e9 uma das portas desta magn\u00edfica regi\u00e3o, que se caracteriza por ter um microclima e condi\u00e7\u00f5es naturais espec\u00edficas favor\u00e1veis \u00e0 produ\u00e7\u00e3o de excelentes vinhos.<br \/>\nInspirada na coragem, determina\u00e7\u00e3o, tenacidade e vis\u00e3o do navegador duriense Fern\u00e3o de Magalh\u00e3es, bem como no seu espirito aventureiro e empreendedor, a Adega de Sabrosa homenageia com os seus vinhos todos os portugueses espalhados pelo mundo.<\/p>\n<p><center><iframe style=\"border: none; overflow: hidden;\" src=\"https:\/\/www.facebook.com\/plugins\/video.php?href=https%3A%2F%2Fwww.facebook.com%2Fadegacoopsabrosa%2Fvideos%2F1148574955289127%2F&amp;width=1024&amp;show_text=false&amp;appId=223363931204589&amp;height=312\" width=\"1024\" height=\"312\" frameborder=\"0\" scrolling=\"no\" allowfullscreen=\"allowfullscreen\"><\/iframe><\/center>EN<\/p>\n<p>Adega de Sabrosa, owner of the Fern\u00e3o de Magalh\u00e3es trademark, is a winemaker since 1958 and is proud to make some of the best Douro wines in the region. Sabrosa is one of the gateways to this magnificent wine region characterized by natural and microclimate conditions that favour the production of excellent wines.<br \/>\nInspired by the courage, determination, tenacity and vision of the the Douro navigator Ferdinand Magellan, as well as by his adventurous and venturer nature, Adega de Sabrosa pays homage to all Portuguese people around the world.<\/p>\n<p><img loading=\"lazy\" class=\"alignnone wp-image-862 size-full\" src=\"http:\/\/adegacooperativadesabrosa.pt\/adega\/wp-content\/uploads\/2018\/07\/21687783_1241816769298278_3940352411519982035_n.jpg\" alt=\"\" width=\"960\" height=\"640\" srcset=\"http:\/\/adegacooperativadesabrosa.pt\/adega\/wp-content\/uploads\/2018\/07\/21687783_1241816769298278_3940352411519982035_n.jpg 960w, http:\/\/adegacooperativadesabrosa.pt\/adega\/wp-content\/uploads\/2018\/07\/21687783_1241816769298278_3940352411519982035_n-300x200.jpg 300w, http:\/\/adegacooperativadesabrosa.pt\/adega\/wp-content\/uploads\/2018\/07\/21687783_1241816769298278_3940352411519982035_n-768x512.jpg 768w, http:\/\/adegacooperativadesabrosa.pt\/adega\/wp-content\/uploads\/2018\/07\/21687783_1241816769298278_3940352411519982035_n-830x553.jpg 830w, http:\/\/adegacooperativadesabrosa.pt\/adega\/wp-content\/uploads\/2018\/07\/21687783_1241816769298278_3940352411519982035_n-230x153.jpg 230w, http:\/\/adegacooperativadesabrosa.pt\/adega\/wp-content\/uploads\/2018\/07\/21687783_1241816769298278_3940352411519982035_n-350x233.jpg 350w, http:\/\/adegacooperativadesabrosa.pt\/adega\/wp-content\/uploads\/2018\/07\/21687783_1241816769298278_3940352411519982035_n-480x320.jpg 480w\" sizes=\"(max-width: 960px) 100vw, 960px\" \/><\/p>\n<p>FR<br \/>\nDepuis juillet 1958, la Cave de Sabrosa, a cr\u00e9\u00e9 la marque Fern\u00e3o de Magalh\u00e3es. Elle produit les meilleurs vins de la r\u00e9gion d\u00e9limit\u00e9e du Douro. Cette cave se trouve dans la petite ville de Sabrosa qui est la porte d&amp;#39;entr\u00e9e de cette magnifique r\u00e9gion qui offre un microclimat et des conditions naturelles favorables pour la production de ce nectar.<br \/>\nInspir\u00e9s par le courage, la d\u00e9termination, la t\u00e9nacit\u00e9 et vision du navigateur durienne Fern\u00e3o de Magalh\u00e3es, ainsi que l&#8217;esprit aventureux et entreprenant,la cave de Sabrosa avec ses vins rend hommage aussi \u00e0 tous les Portugais r\u00e9partis dans le monde entier.<\/p>\n","protected":false},"excerpt":{"rendered":"<p>PT A Adega de Sabrosa, detentora da marca Fern\u00e3o de Magalh\u00e3es, produz vinhos desde 1958 e orgulha-se atualmente de produzir dos melhores vinhos do Douro. A vila de Sabrosa \u00e9 uma das portas desta magn\u00edfica regi\u00e3o, que se caracteriza por ter um microclima e condi\u00e7\u00f5es naturais espec\u00edficas favor\u00e1veis \u00e0 produ\u00e7\u00e3o de excelentes vinhos. Inspirada na [&hellip;]<\/p>\n","protected":false},"author":2,"featured_media":0,"parent":0,"menu_order":0,"comment_status":"closed","ping_status":"closed","template":"","meta":{"ngg_post_thumbnail":0},"_links":{"self":[{"href":"http:\/\/adegacooperativadesabrosa.pt\/adega\/wp-json\/wp\/v2\/pages\/60"}],"collection":[{"href":"http:\/\/adegacooperativadesabrosa.pt\/adega\/wp-json\/wp\/v2\/pages"}],"about":[{"href":"http:\/\/adegacooperativadesabrosa.pt\/adega\/wp-json\/wp\/v2\/types\/page"}],"author":[{"embeddable":true,"href":"http:\/\/adegacooperativadesabrosa.pt\/adega\/wp-json\/wp\/v2\/users\/2"}],"replies":[{"embeddable":true,"href":"http:\/\/adegacooperativadesabrosa.pt\/adega\/wp-json\/wp\/v2\/comments?post=60"}],"version-history":[{"count":16,"href":"http:\/\/adegacooperativadesabrosa.pt\/adega\/wp-json\/wp\/v2\/pages\/60\/revisions"}],"predecessor-version":[{"id":1600,"href":"http:\/\/adegacooperativadesabrosa.pt\/adega\/wp-json\/wp\/v2\/pages\/60\/revisions\/1600"}],"wp:attachment":[{"href":"http:\/\/adegacooperativadesabrosa.pt\/adega\/wp-json\/wp\/v2\/media?parent=60"}],"curies":[{"name":"wp","href":"https:\/\/api.w.org\/{rel}","templated":true}]}}