{"id":613,"date":"2018-07-02T15:25:38","date_gmt":"2018-07-02T15:25:38","guid":{"rendered":"http:\/\/adegacooperativadesabrosa.pt\/adega\/?page_id=613"},"modified":"2018-07-02T17:16:09","modified_gmt":"2018-07-02T17:16:09","slug":"vinhos-licorosos-2","status":"publish","type":"page","link":"http:\/\/adegacooperativadesabrosa.pt\/adega\/vinhos-licorosos-2\/","title":{"rendered":"Vinhos licorosos"},"content":{"rendered":"<div class=\"pt-cv-wrapper\"><div class=\"pt-cv-view pt-cv-grid pt-cv-colsys\" id=\"pt-cv-view-2fbadc4r5h\"><div data-id=\"pt-cv-page-1\" class=\"pt-cv-page\" data-cvc=\"4\"><div class=\"col-md-3 col-sm-3 col-xs-12 pt-cv-content-item pt-cv-1-col\" ><div class='pt-cv-ifield'><a href=\"http:\/\/adegacooperativadesabrosa.pt\/adega\/2021\/10\/08\/porto-white-santo-nino\/\" class=\"_self pt-cv-href-thumbnail pt-cv-thumb-default\" target=\"_self\"><img width=\"300\" height=\"300\" src=\"http:\/\/adegacooperativadesabrosa.pt\/adega\/wp-content\/uploads\/2021\/10\/santo_nino-300x300.png\" class=\"pt-cv-thumbnail\" alt=\"\" loading=\"lazy\" srcset=\"http:\/\/adegacooperativadesabrosa.pt\/adega\/wp-content\/uploads\/2021\/10\/santo_nino-300x300.png 300w, http:\/\/adegacooperativadesabrosa.pt\/adega\/wp-content\/uploads\/2021\/10\/santo_nino-150x150.png 150w, http:\/\/adegacooperativadesabrosa.pt\/adega\/wp-content\/uploads\/2021\/10\/santo_nino-768x768.png 768w, http:\/\/adegacooperativadesabrosa.pt\/adega\/wp-content\/uploads\/2021\/10\/santo_nino-830x830.png 830w, http:\/\/adegacooperativadesabrosa.pt\/adega\/wp-content\/uploads\/2021\/10\/santo_nino-230x230.png 230w, http:\/\/adegacooperativadesabrosa.pt\/adega\/wp-content\/uploads\/2021\/10\/santo_nino-350x350.png 350w, http:\/\/adegacooperativadesabrosa.pt\/adega\/wp-content\/uploads\/2021\/10\/santo_nino-480x480.png 480w, http:\/\/adegacooperativadesabrosa.pt\/adega\/wp-content\/uploads\/2021\/10\/santo_nino.png 1000w\" sizes=\"(max-width: 300px) 100vw, 300px\" \/><\/a>\n<h4 class=\"pt-cv-title\"><a href=\"http:\/\/adegacooperativadesabrosa.pt\/adega\/2021\/10\/08\/porto-white-santo-nino\/\" class=\"_self\" target=\"_self\">Porto White \u201dSanto Ni\u00f1o\u201d<\/a><\/h4><\/div><\/div>\n<div class=\"col-md-3 col-sm-3 col-xs-12 pt-cv-content-item pt-cv-1-col\" ><div class='pt-cv-ifield'><a href=\"http:\/\/adegacooperativadesabrosa.pt\/adega\/2021\/10\/07\/port-special-reserve-500-anos-circum-navegacao\/\" class=\"_self pt-cv-href-thumbnail pt-cv-thumb-default\" target=\"_self\"><img width=\"300\" height=\"300\" src=\"http:\/\/adegacooperativadesabrosa.pt\/adega\/wp-content\/uploads\/2021\/10\/Port-Special-Reserve-500-Anos-Circum_1000-300x300.png\" class=\"pt-cv-thumbnail\" alt=\"\" loading=\"lazy\" srcset=\"http:\/\/adegacooperativadesabrosa.pt\/adega\/wp-content\/uploads\/2021\/10\/Port-Special-Reserve-500-Anos-Circum_1000-300x300.png 300w, http:\/\/adegacooperativadesabrosa.pt\/adega\/wp-content\/uploads\/2021\/10\/Port-Special-Reserve-500-Anos-Circum_1000-150x150.png 150w, http:\/\/adegacooperativadesabrosa.pt\/adega\/wp-content\/uploads\/2021\/10\/Port-Special-Reserve-500-Anos-Circum_1000-768x768.png 768w, http:\/\/adegacooperativadesabrosa.pt\/adega\/wp-content\/uploads\/2021\/10\/Port-Special-Reserve-500-Anos-Circum_1000-830x830.png 830w, http:\/\/adegacooperativadesabrosa.pt\/adega\/wp-content\/uploads\/2021\/10\/Port-Special-Reserve-500-Anos-Circum_1000-230x230.png 230w, http:\/\/adegacooperativadesabrosa.pt\/adega\/wp-content\/uploads\/2021\/10\/Port-Special-Reserve-500-Anos-Circum_1000-350x350.png 350w, http:\/\/adegacooperativadesabrosa.pt\/adega\/wp-content\/uploads\/2021\/10\/Port-Special-Reserve-500-Anos-Circum_1000-480x480.png 480w, http:\/\/adegacooperativadesabrosa.pt\/adega\/wp-content\/uploads\/2021\/10\/Port-Special-Reserve-500-Anos-Circum_1000.png 1000w\" sizes=\"(max-width: 300px) 100vw, 300px\" \/><\/a>\n<h4 class=\"pt-cv-title\"><a href=\"http:\/\/adegacooperativadesabrosa.pt\/adega\/2021\/10\/07\/port-special-reserve-500-anos-circum-navegacao\/\" class=\"_self\" target=\"_self\">Port Special Reserve, 500 Anos Circum \u2013 Navega\u00e7\u00e3o<\/a><\/h4><\/div><\/div>\n<div class=\"col-md-3 col-sm-3 col-xs-12 pt-cv-content-item pt-cv-1-col\" ><div class='pt-cv-ifield'><a href=\"http:\/\/adegacooperativadesabrosa.pt\/adega\/2020\/11\/20\/porto-pink-fernao-de-magalhaes-2\/\" class=\"_self pt-cv-href-thumbnail pt-cv-thumb-default\" target=\"_self\"><img width=\"300\" height=\"300\" src=\"http:\/\/adegacooperativadesabrosa.pt\/adega\/wp-content\/uploads\/2020\/11\/pink_1000-300x300.png\" class=\"pt-cv-thumbnail\" alt=\"\" loading=\"lazy\" srcset=\"http:\/\/adegacooperativadesabrosa.pt\/adega\/wp-content\/uploads\/2020\/11\/pink_1000-300x300.png 300w, http:\/\/adegacooperativadesabrosa.pt\/adega\/wp-content\/uploads\/2020\/11\/pink_1000-150x150.png 150w, http:\/\/adegacooperativadesabrosa.pt\/adega\/wp-content\/uploads\/2020\/11\/pink_1000-768x768.png 768w, http:\/\/adegacooperativadesabrosa.pt\/adega\/wp-content\/uploads\/2020\/11\/pink_1000-830x830.png 830w, http:\/\/adegacooperativadesabrosa.pt\/adega\/wp-content\/uploads\/2020\/11\/pink_1000-230x230.png 230w, http:\/\/adegacooperativadesabrosa.pt\/adega\/wp-content\/uploads\/2020\/11\/pink_1000-350x350.png 350w, http:\/\/adegacooperativadesabrosa.pt\/adega\/wp-content\/uploads\/2020\/11\/pink_1000-480x480.png 480w, http:\/\/adegacooperativadesabrosa.pt\/adega\/wp-content\/uploads\/2020\/11\/pink_1000.png 1000w\" sizes=\"(max-width: 300px) 100vw, 300px\" \/><\/a>\n<h4 class=\"pt-cv-title\"><a href=\"http:\/\/adegacooperativadesabrosa.pt\/adega\/2020\/11\/20\/porto-pink-fernao-de-magalhaes-2\/\" class=\"_self\" target=\"_self\">Porto Pink Fern\u00e3o de Magalh\u00e3es<\/a><\/h4><\/div><\/div>\n<div class=\"col-md-3 col-sm-3 col-xs-12 pt-cv-content-item pt-cv-1-col\" ><div class='pt-cv-ifield'><a href=\"http:\/\/adegacooperativadesabrosa.pt\/adega\/2018\/07\/02\/porto-ruby-fernao-de-magalhaes\/\" class=\"_self pt-cv-href-thumbnail pt-cv-thumb-default\" target=\"_self\"><img width=\"300\" height=\"300\" src=\"http:\/\/adegacooperativadesabrosa.pt\/adega\/wp-content\/uploads\/2018\/07\/porto_ruby-300x300.png\" class=\"pt-cv-thumbnail\" alt=\"\" loading=\"lazy\" srcset=\"http:\/\/adegacooperativadesabrosa.pt\/adega\/wp-content\/uploads\/2018\/07\/porto_ruby-300x300.png 300w, http:\/\/adegacooperativadesabrosa.pt\/adega\/wp-content\/uploads\/2018\/07\/porto_ruby-150x150.png 150w, http:\/\/adegacooperativadesabrosa.pt\/adega\/wp-content\/uploads\/2018\/07\/porto_ruby-768x768.png 768w, http:\/\/adegacooperativadesabrosa.pt\/adega\/wp-content\/uploads\/2018\/07\/porto_ruby-830x830.png 830w, http:\/\/adegacooperativadesabrosa.pt\/adega\/wp-content\/uploads\/2018\/07\/porto_ruby-230x230.png 230w, http:\/\/adegacooperativadesabrosa.pt\/adega\/wp-content\/uploads\/2018\/07\/porto_ruby-350x350.png 350w, http:\/\/adegacooperativadesabrosa.pt\/adega\/wp-content\/uploads\/2018\/07\/porto_ruby-480x480.png 480w, http:\/\/adegacooperativadesabrosa.pt\/adega\/wp-content\/uploads\/2018\/07\/porto_ruby.png 1000w\" sizes=\"(max-width: 300px) 100vw, 300px\" \/><\/a>\n<h4 class=\"pt-cv-title\"><a href=\"http:\/\/adegacooperativadesabrosa.pt\/adega\/2018\/07\/02\/porto-ruby-fernao-de-magalhaes\/\" class=\"_self\" target=\"_self\">Porto Ruby Fern\u00e3o de Magalh\u00e3es<\/a><\/h4><\/div><\/div>\n<div class=\"col-md-3 col-sm-3 col-xs-12 pt-cv-content-item pt-cv-1-col\" ><div class='pt-cv-ifield'><a href=\"http:\/\/adegacooperativadesabrosa.pt\/adega\/2018\/07\/02\/porto-white-fernao-de-magalhaes\/\" class=\"_self pt-cv-href-thumbnail pt-cv-thumb-default\" target=\"_self\"><img width=\"300\" height=\"300\" src=\"http:\/\/adegacooperativadesabrosa.pt\/adega\/wp-content\/uploads\/2018\/07\/porto_white-300x300.png\" class=\"pt-cv-thumbnail\" alt=\"\" loading=\"lazy\" srcset=\"http:\/\/adegacooperativadesabrosa.pt\/adega\/wp-content\/uploads\/2018\/07\/porto_white-300x300.png 300w, http:\/\/adegacooperativadesabrosa.pt\/adega\/wp-content\/uploads\/2018\/07\/porto_white-1024x1024.png 1024w, http:\/\/adegacooperativadesabrosa.pt\/adega\/wp-content\/uploads\/2018\/07\/porto_white-150x150.png 150w, http:\/\/adegacooperativadesabrosa.pt\/adega\/wp-content\/uploads\/2018\/07\/porto_white-768x768.png 768w, http:\/\/adegacooperativadesabrosa.pt\/adega\/wp-content\/uploads\/2018\/07\/porto_white-830x830.png 830w, http:\/\/adegacooperativadesabrosa.pt\/adega\/wp-content\/uploads\/2018\/07\/porto_white-230x230.png 230w, http:\/\/adegacooperativadesabrosa.pt\/adega\/wp-content\/uploads\/2018\/07\/porto_white-350x350.png 350w, http:\/\/adegacooperativadesabrosa.pt\/adega\/wp-content\/uploads\/2018\/07\/porto_white-480x480.png 480w, http:\/\/adegacooperativadesabrosa.pt\/adega\/wp-content\/uploads\/2018\/07\/porto_white.png 1250w\" sizes=\"(max-width: 300px) 100vw, 300px\" \/><\/a>\n<h4 class=\"pt-cv-title\"><a href=\"http:\/\/adegacooperativadesabrosa.pt\/adega\/2018\/07\/02\/porto-white-fernao-de-magalhaes\/\" class=\"_self\" target=\"_self\">Porto White Fern\u00e3o de Magalh\u00e3es<\/a><\/h4><\/div><\/div>\n<div class=\"col-md-3 col-sm-3 col-xs-12 pt-cv-content-item pt-cv-1-col\" ><div class='pt-cv-ifield'><a href=\"http:\/\/adegacooperativadesabrosa.pt\/adega\/2018\/07\/02\/moscatel-douro-fernao-de-magalhaes\/\" class=\"_self pt-cv-href-thumbnail pt-cv-thumb-default\" target=\"_self\"><img width=\"300\" height=\"300\" src=\"http:\/\/adegacooperativadesabrosa.pt\/adega\/wp-content\/uploads\/2018\/07\/moscatel_douro-300x300.png\" class=\"pt-cv-thumbnail\" alt=\"\" loading=\"lazy\" srcset=\"http:\/\/adegacooperativadesabrosa.pt\/adega\/wp-content\/uploads\/2018\/07\/moscatel_douro-300x300.png 300w, http:\/\/adegacooperativadesabrosa.pt\/adega\/wp-content\/uploads\/2018\/07\/moscatel_douro-1024x1024.png 1024w, http:\/\/adegacooperativadesabrosa.pt\/adega\/wp-content\/uploads\/2018\/07\/moscatel_douro-150x150.png 150w, http:\/\/adegacooperativadesabrosa.pt\/adega\/wp-content\/uploads\/2018\/07\/moscatel_douro-768x768.png 768w, http:\/\/adegacooperativadesabrosa.pt\/adega\/wp-content\/uploads\/2018\/07\/moscatel_douro-830x830.png 830w, http:\/\/adegacooperativadesabrosa.pt\/adega\/wp-content\/uploads\/2018\/07\/moscatel_douro-230x230.png 230w, http:\/\/adegacooperativadesabrosa.pt\/adega\/wp-content\/uploads\/2018\/07\/moscatel_douro-350x350.png 350w, http:\/\/adegacooperativadesabrosa.pt\/adega\/wp-content\/uploads\/2018\/07\/moscatel_douro-480x480.png 480w, http:\/\/adegacooperativadesabrosa.pt\/adega\/wp-content\/uploads\/2018\/07\/moscatel_douro.png 1250w\" sizes=\"(max-width: 300px) 100vw, 300px\" \/><\/a>\n<h4 class=\"pt-cv-title\"><a href=\"http:\/\/adegacooperativadesabrosa.pt\/adega\/2018\/07\/02\/moscatel-douro-fernao-de-magalhaes\/\" class=\"_self\" target=\"_self\">Moscatel Douro Fern\u00e3o de Magalh\u00e3es<\/a><\/h4><\/div><\/div>\n<div class=\"col-md-3 col-sm-3 col-xs-12 pt-cv-content-item pt-cv-1-col\" ><div class='pt-cv-ifield'><a href=\"http:\/\/adegacooperativadesabrosa.pt\/adega\/2018\/07\/02\/reserva-moscatel-fernao-de-magalhaes\/\" class=\"_self pt-cv-href-thumbnail pt-cv-thumb-default\" target=\"_self\"><img width=\"300\" height=\"300\" src=\"http:\/\/adegacooperativadesabrosa.pt\/adega\/wp-content\/uploads\/2018\/07\/reserva_mostatel-300x300.png\" class=\"pt-cv-thumbnail\" alt=\"\" loading=\"lazy\" srcset=\"http:\/\/adegacooperativadesabrosa.pt\/adega\/wp-content\/uploads\/2018\/07\/reserva_mostatel-300x300.png 300w, http:\/\/adegacooperativadesabrosa.pt\/adega\/wp-content\/uploads\/2018\/07\/reserva_mostatel-1024x1024.png 1024w, http:\/\/adegacooperativadesabrosa.pt\/adega\/wp-content\/uploads\/2018\/07\/reserva_mostatel-150x150.png 150w, http:\/\/adegacooperativadesabrosa.pt\/adega\/wp-content\/uploads\/2018\/07\/reserva_mostatel-768x768.png 768w, http:\/\/adegacooperativadesabrosa.pt\/adega\/wp-content\/uploads\/2018\/07\/reserva_mostatel-830x830.png 830w, http:\/\/adegacooperativadesabrosa.pt\/adega\/wp-content\/uploads\/2018\/07\/reserva_mostatel-230x230.png 230w, http:\/\/adegacooperativadesabrosa.pt\/adega\/wp-content\/uploads\/2018\/07\/reserva_mostatel-350x350.png 350w, http:\/\/adegacooperativadesabrosa.pt\/adega\/wp-content\/uploads\/2018\/07\/reserva_mostatel-480x480.png 480w, http:\/\/adegacooperativadesabrosa.pt\/adega\/wp-content\/uploads\/2018\/07\/reserva_mostatel.png 1250w\" sizes=\"(max-width: 300px) 100vw, 300px\" \/><\/a>\n<h4 class=\"pt-cv-title\"><a href=\"http:\/\/adegacooperativadesabrosa.pt\/adega\/2018\/07\/02\/reserva-moscatel-fernao-de-magalhaes\/\" class=\"_self\" target=\"_self\">Reserva Moscatel Fern\u00e3o de Magalh\u00e3es<\/a><\/h4><\/div><\/div>\n<div class=\"col-md-3 col-sm-3 col-xs-12 pt-cv-content-item pt-cv-1-col\" ><div class='pt-cv-ifield'><a href=\"http:\/\/adegacooperativadesabrosa.pt\/adega\/2018\/07\/02\/porto-tawny-fernao-de-magalhaes\/\" class=\"_self pt-cv-href-thumbnail pt-cv-thumb-default\" target=\"_self\"><img width=\"300\" height=\"300\" src=\"http:\/\/adegacooperativadesabrosa.pt\/adega\/wp-content\/uploads\/2018\/07\/porto_tawny-300x300.png\" class=\"pt-cv-thumbnail\" alt=\"\" loading=\"lazy\" srcset=\"http:\/\/adegacooperativadesabrosa.pt\/adega\/wp-content\/uploads\/2018\/07\/porto_tawny-300x300.png 300w, http:\/\/adegacooperativadesabrosa.pt\/adega\/wp-content\/uploads\/2018\/07\/porto_tawny-1024x1024.png 1024w, http:\/\/adegacooperativadesabrosa.pt\/adega\/wp-content\/uploads\/2018\/07\/porto_tawny-150x150.png 150w, http:\/\/adegacooperativadesabrosa.pt\/adega\/wp-content\/uploads\/2018\/07\/porto_tawny-768x768.png 768w, http:\/\/adegacooperativadesabrosa.pt\/adega\/wp-content\/uploads\/2018\/07\/porto_tawny-830x830.png 830w, http:\/\/adegacooperativadesabrosa.pt\/adega\/wp-content\/uploads\/2018\/07\/porto_tawny-230x230.png 230w, http:\/\/adegacooperativadesabrosa.pt\/adega\/wp-content\/uploads\/2018\/07\/porto_tawny-350x350.png 350w, http:\/\/adegacooperativadesabrosa.pt\/adega\/wp-content\/uploads\/2018\/07\/porto_tawny-480x480.png 480w, http:\/\/adegacooperativadesabrosa.pt\/adega\/wp-content\/uploads\/2018\/07\/porto_tawny.png 1250w\" sizes=\"(max-width: 300px) 100vw, 300px\" \/><\/a>\n<h4 class=\"pt-cv-title\"><a href=\"http:\/\/adegacooperativadesabrosa.pt\/adega\/2018\/07\/02\/porto-tawny-fernao-de-magalhaes\/\" class=\"_self\" target=\"_self\">Porto Tawny Fern\u00e3o de Magalh\u00e3es<\/a><\/h4><\/div><\/div>\n<div class=\"col-md-3 col-sm-3 col-xs-12 pt-cv-content-item pt-cv-1-col\" ><div class='pt-cv-ifield'><a href=\"http:\/\/adegacooperativadesabrosa.pt\/adega\/2018\/07\/02\/porto-10-anos-fernao-de-magalhaes\/\" class=\"_self pt-cv-href-thumbnail pt-cv-thumb-default\" target=\"_self\"><img width=\"300\" height=\"300\" src=\"http:\/\/adegacooperativadesabrosa.pt\/adega\/wp-content\/uploads\/2018\/07\/porto_10anos-300x300.png\" class=\"pt-cv-thumbnail\" alt=\"\" loading=\"lazy\" srcset=\"http:\/\/adegacooperativadesabrosa.pt\/adega\/wp-content\/uploads\/2018\/07\/porto_10anos-300x300.png 300w, http:\/\/adegacooperativadesabrosa.pt\/adega\/wp-content\/uploads\/2018\/07\/porto_10anos-1024x1024.png 1024w, http:\/\/adegacooperativadesabrosa.pt\/adega\/wp-content\/uploads\/2018\/07\/porto_10anos-150x150.png 150w, http:\/\/adegacooperativadesabrosa.pt\/adega\/wp-content\/uploads\/2018\/07\/porto_10anos-768x768.png 768w, http:\/\/adegacooperativadesabrosa.pt\/adega\/wp-content\/uploads\/2018\/07\/porto_10anos-830x830.png 830w, http:\/\/adegacooperativadesabrosa.pt\/adega\/wp-content\/uploads\/2018\/07\/porto_10anos-230x230.png 230w, http:\/\/adegacooperativadesabrosa.pt\/adega\/wp-content\/uploads\/2018\/07\/porto_10anos-350x350.png 350w, http:\/\/adegacooperativadesabrosa.pt\/adega\/wp-content\/uploads\/2018\/07\/porto_10anos-480x480.png 480w, http:\/\/adegacooperativadesabrosa.pt\/adega\/wp-content\/uploads\/2018\/07\/porto_10anos.png 1250w\" sizes=\"(max-width: 300px) 100vw, 300px\" \/><\/a>\n<h4 class=\"pt-cv-title\"><a href=\"http:\/\/adegacooperativadesabrosa.pt\/adega\/2018\/07\/02\/porto-10-anos-fernao-de-magalhaes\/\" class=\"_self\" target=\"_self\">Porto 10 anos Fern\u00e3o de Magalh\u00e3es<\/a><\/h4><\/div><\/div><\/div><\/div><\/div>\n","protected":false},"excerpt":{"rendered":"Porto White \u201dSanto Ni\u00f1o\u201d Port Special Reserve, 500 Anos Circum \u2013 Navega\u00e7\u00e3o Porto Pink Fern\u00e3o de Magalh\u00e3es Porto Ruby Fern\u00e3o de Magalh\u00e3es Porto White Fern\u00e3o de Magalh\u00e3es Moscatel Douro Fern\u00e3o de Magalh\u00e3es Reserva Moscatel Fern\u00e3o de Magalh\u00e3es Porto Tawny Fern\u00e3o de Magalh\u00e3es Porto 10 anos Fern\u00e3o de Magalh\u00e3es","protected":false},"author":2,"featured_media":0,"parent":0,"menu_order":0,"comment_status":"closed","ping_status":"closed","template":"page-templates\/page_fullwidth.php","meta":{"ngg_post_thumbnail":0},"_links":{"self":[{"href":"http:\/\/adegacooperativadesabrosa.pt\/adega\/wp-json\/wp\/v2\/pages\/613"}],"collection":[{"href":"http:\/\/adegacooperativadesabrosa.pt\/adega\/wp-json\/wp\/v2\/pages"}],"about":[{"href":"http:\/\/adegacooperativadesabrosa.pt\/adega\/wp-json\/wp\/v2\/types\/page"}],"author":[{"embeddable":true,"href":"http:\/\/adegacooperativadesabrosa.pt\/adega\/wp-json\/wp\/v2\/users\/2"}],"replies":[{"embeddable":true,"href":"http:\/\/adegacooperativadesabrosa.pt\/adega\/wp-json\/wp\/v2\/comments?post=613"}],"version-history":[{"count":2,"href":"http:\/\/adegacooperativadesabrosa.pt\/adega\/wp-json\/wp\/v2\/pages\/613\/revisions"}],"predecessor-version":[{"id":701,"href":"http:\/\/adegacooperativadesabrosa.pt\/adega\/wp-json\/wp\/v2\/pages\/613\/revisions\/701"}],"wp:attachment":[{"href":"http:\/\/adegacooperativadesabrosa.pt\/adega\/wp-json\/wp\/v2\/media?parent=613"}],"curies":[{"name":"wp","href":"https:\/\/api.w.org\/{rel}","templated":true}]}}