{"id":628,"date":"2018-07-02T15:52:26","date_gmt":"2018-07-02T15:52:26","guid":{"rendered":"http:\/\/adegacooperativadesabrosa.pt\/adega\/?page_id=628"},"modified":"2018-07-16T16:27:14","modified_gmt":"2018-07-16T16:27:14","slug":"vinhos-doc-2","status":"publish","type":"page","link":"http:\/\/adegacooperativadesabrosa.pt\/adega\/vinhos-doc-2\/","title":{"rendered":"Vinhos DOC e Reserva"},"content":{"rendered":"<div class=\"pt-cv-wrapper\"><div class=\"pt-cv-view pt-cv-grid pt-cv-colsys\" id=\"pt-cv-view-5be6742lgo\"><div data-id=\"pt-cv-page-1\" class=\"pt-cv-page\" data-cvc=\"4\"><div class=\"col-md-3 col-sm-3 col-xs-12 pt-cv-content-item pt-cv-1-col\" ><div class='pt-cv-ifield'><a href=\"http:\/\/adegacooperativadesabrosa.pt\/adega\/2021\/10\/07\/doc-caves-sabrosa-tinto\/\" class=\"_self pt-cv-href-thumbnail pt-cv-thumb-default\" target=\"_self\"><img width=\"300\" height=\"300\" src=\"http:\/\/adegacooperativadesabrosa.pt\/adega\/wp-content\/uploads\/2018\/07\/caves_Sabrosa_DOC_Tinto_1000-300x300.png\" class=\"pt-cv-thumbnail\" alt=\"\" loading=\"lazy\" srcset=\"http:\/\/adegacooperativadesabrosa.pt\/adega\/wp-content\/uploads\/2018\/07\/caves_Sabrosa_DOC_Tinto_1000-300x300.png 300w, http:\/\/adegacooperativadesabrosa.pt\/adega\/wp-content\/uploads\/2018\/07\/caves_Sabrosa_DOC_Tinto_1000-150x150.png 150w, http:\/\/adegacooperativadesabrosa.pt\/adega\/wp-content\/uploads\/2018\/07\/caves_Sabrosa_DOC_Tinto_1000-768x768.png 768w, http:\/\/adegacooperativadesabrosa.pt\/adega\/wp-content\/uploads\/2018\/07\/caves_Sabrosa_DOC_Tinto_1000-830x830.png 830w, http:\/\/adegacooperativadesabrosa.pt\/adega\/wp-content\/uploads\/2018\/07\/caves_Sabrosa_DOC_Tinto_1000-230x230.png 230w, http:\/\/adegacooperativadesabrosa.pt\/adega\/wp-content\/uploads\/2018\/07\/caves_Sabrosa_DOC_Tinto_1000-350x350.png 350w, http:\/\/adegacooperativadesabrosa.pt\/adega\/wp-content\/uploads\/2018\/07\/caves_Sabrosa_DOC_Tinto_1000-480x480.png 480w, http:\/\/adegacooperativadesabrosa.pt\/adega\/wp-content\/uploads\/2018\/07\/caves_Sabrosa_DOC_Tinto_1000.png 1000w\" sizes=\"(max-width: 300px) 100vw, 300px\" \/><\/a>\n<h4 class=\"pt-cv-title\"><a href=\"http:\/\/adegacooperativadesabrosa.pt\/adega\/2021\/10\/07\/doc-caves-sabrosa-tinto\/\" class=\"_self\" target=\"_self\">DOC Caves Sabrosa Tinto<\/a><\/h4><\/div><\/div>\n<div class=\"col-md-3 col-sm-3 col-xs-12 pt-cv-content-item pt-cv-1-col\" ><div class='pt-cv-ifield'><a href=\"http:\/\/adegacooperativadesabrosa.pt\/adega\/2021\/10\/07\/doc-caves-sabrosa-branco\/\" class=\"_self pt-cv-href-thumbnail pt-cv-thumb-default\" target=\"_self\"><img width=\"300\" height=\"300\" src=\"http:\/\/adegacooperativadesabrosa.pt\/adega\/wp-content\/uploads\/2018\/07\/caves_Sabrosa_DOC_Branco_1000-300x300.png\" class=\"pt-cv-thumbnail\" alt=\"\" loading=\"lazy\" srcset=\"http:\/\/adegacooperativadesabrosa.pt\/adega\/wp-content\/uploads\/2018\/07\/caves_Sabrosa_DOC_Branco_1000-300x300.png 300w, http:\/\/adegacooperativadesabrosa.pt\/adega\/wp-content\/uploads\/2018\/07\/caves_Sabrosa_DOC_Branco_1000-150x150.png 150w, http:\/\/adegacooperativadesabrosa.pt\/adega\/wp-content\/uploads\/2018\/07\/caves_Sabrosa_DOC_Branco_1000-768x768.png 768w, http:\/\/adegacooperativadesabrosa.pt\/adega\/wp-content\/uploads\/2018\/07\/caves_Sabrosa_DOC_Branco_1000-830x830.png 830w, http:\/\/adegacooperativadesabrosa.pt\/adega\/wp-content\/uploads\/2018\/07\/caves_Sabrosa_DOC_Branco_1000-230x230.png 230w, http:\/\/adegacooperativadesabrosa.pt\/adega\/wp-content\/uploads\/2018\/07\/caves_Sabrosa_DOC_Branco_1000-350x350.png 350w, http:\/\/adegacooperativadesabrosa.pt\/adega\/wp-content\/uploads\/2018\/07\/caves_Sabrosa_DOC_Branco_1000-480x480.png 480w, http:\/\/adegacooperativadesabrosa.pt\/adega\/wp-content\/uploads\/2018\/07\/caves_Sabrosa_DOC_Branco_1000.png 1000w\" sizes=\"(max-width: 300px) 100vw, 300px\" \/><\/a>\n<h4 class=\"pt-cv-title\"><a href=\"http:\/\/adegacooperativadesabrosa.pt\/adega\/2021\/10\/07\/doc-caves-sabrosa-branco\/\" class=\"_self\" target=\"_self\">DOC Caves Sabrosa Branco<\/a><\/h4><\/div><\/div>\n<div class=\"col-md-3 col-sm-3 col-xs-12 pt-cv-content-item pt-cv-1-col\" ><div class='pt-cv-ifield'><a href=\"http:\/\/adegacooperativadesabrosa.pt\/adega\/2018\/07\/02\/doc-branco-fernao-de-magalhaes\/\" class=\"_self pt-cv-href-thumbnail pt-cv-thumb-default\" target=\"_self\"><img width=\"300\" height=\"300\" src=\"http:\/\/adegacooperativadesabrosa.pt\/adega\/wp-content\/uploads\/2018\/07\/vinho-sabrosa-02-1000-300x300.png\" class=\"pt-cv-thumbnail\" alt=\"\" loading=\"lazy\" srcset=\"http:\/\/adegacooperativadesabrosa.pt\/adega\/wp-content\/uploads\/2018\/07\/vinho-sabrosa-02-1000-300x300.png 300w, http:\/\/adegacooperativadesabrosa.pt\/adega\/wp-content\/uploads\/2018\/07\/vinho-sabrosa-02-1000-150x150.png 150w, http:\/\/adegacooperativadesabrosa.pt\/adega\/wp-content\/uploads\/2018\/07\/vinho-sabrosa-02-1000-768x768.png 768w, http:\/\/adegacooperativadesabrosa.pt\/adega\/wp-content\/uploads\/2018\/07\/vinho-sabrosa-02-1000-830x830.png 830w, http:\/\/adegacooperativadesabrosa.pt\/adega\/wp-content\/uploads\/2018\/07\/vinho-sabrosa-02-1000-230x230.png 230w, http:\/\/adegacooperativadesabrosa.pt\/adega\/wp-content\/uploads\/2018\/07\/vinho-sabrosa-02-1000-350x350.png 350w, http:\/\/adegacooperativadesabrosa.pt\/adega\/wp-content\/uploads\/2018\/07\/vinho-sabrosa-02-1000-480x480.png 480w, http:\/\/adegacooperativadesabrosa.pt\/adega\/wp-content\/uploads\/2018\/07\/vinho-sabrosa-02-1000.png 1000w\" sizes=\"(max-width: 300px) 100vw, 300px\" \/><\/a>\n<h4 class=\"pt-cv-title\"><a href=\"http:\/\/adegacooperativadesabrosa.pt\/adega\/2018\/07\/02\/doc-branco-fernao-de-magalhaes\/\" class=\"_self\" target=\"_self\">DOC Branco Fern\u00e3o de Magalh\u00e3es<\/a><\/h4><\/div><\/div>\n<div class=\"col-md-3 col-sm-3 col-xs-12 pt-cv-content-item pt-cv-1-col\" ><div class='pt-cv-ifield'><a href=\"http:\/\/adegacooperativadesabrosa.pt\/adega\/2018\/07\/02\/doc-reserva-branco-fernao-de-magalhaes\/\" class=\"_self pt-cv-href-thumbnail pt-cv-thumb-default\" target=\"_self\"><img width=\"300\" height=\"300\" src=\"http:\/\/adegacooperativadesabrosa.pt\/adega\/wp-content\/uploads\/2018\/07\/Reserva-Branco-2015-\u00a9-o-Revelador_1000-300x300.png\" class=\"pt-cv-thumbnail\" alt=\"\" loading=\"lazy\" srcset=\"http:\/\/adegacooperativadesabrosa.pt\/adega\/wp-content\/uploads\/2018\/07\/Reserva-Branco-2015-\u00a9-o-Revelador_1000-300x300.png 300w, http:\/\/adegacooperativadesabrosa.pt\/adega\/wp-content\/uploads\/2018\/07\/Reserva-Branco-2015-\u00a9-o-Revelador_1000-150x150.png 150w, http:\/\/adegacooperativadesabrosa.pt\/adega\/wp-content\/uploads\/2018\/07\/Reserva-Branco-2015-\u00a9-o-Revelador_1000-768x768.png 768w, http:\/\/adegacooperativadesabrosa.pt\/adega\/wp-content\/uploads\/2018\/07\/Reserva-Branco-2015-\u00a9-o-Revelador_1000-830x830.png 830w, http:\/\/adegacooperativadesabrosa.pt\/adega\/wp-content\/uploads\/2018\/07\/Reserva-Branco-2015-\u00a9-o-Revelador_1000-230x230.png 230w, http:\/\/adegacooperativadesabrosa.pt\/adega\/wp-content\/uploads\/2018\/07\/Reserva-Branco-2015-\u00a9-o-Revelador_1000-350x350.png 350w, http:\/\/adegacooperativadesabrosa.pt\/adega\/wp-content\/uploads\/2018\/07\/Reserva-Branco-2015-\u00a9-o-Revelador_1000-480x480.png 480w, http:\/\/adegacooperativadesabrosa.pt\/adega\/wp-content\/uploads\/2018\/07\/Reserva-Branco-2015-\u00a9-o-Revelador_1000.png 1000w\" sizes=\"(max-width: 300px) 100vw, 300px\" \/><\/a>\n<h4 class=\"pt-cv-title\"><a href=\"http:\/\/adegacooperativadesabrosa.pt\/adega\/2018\/07\/02\/doc-reserva-branco-fernao-de-magalhaes\/\" class=\"_self\" target=\"_self\">DOC Reserva Branco Fern\u00e3o de Magalh\u00e3es<\/a><\/h4><\/div><\/div>\n<div class=\"col-md-3 col-sm-3 col-xs-12 pt-cv-content-item pt-cv-1-col\" ><div class='pt-cv-ifield'><a href=\"http:\/\/adegacooperativadesabrosa.pt\/adega\/2018\/07\/02\/doc-reserva-tinto-fernao-de-magalhaes\/\" class=\"_self pt-cv-href-thumbnail pt-cv-thumb-default\" target=\"_self\"><img width=\"300\" height=\"300\" src=\"http:\/\/adegacooperativadesabrosa.pt\/adega\/wp-content\/uploads\/2018\/07\/Reserva-Tinto-2014-\u00a9-o-Revelador_1000-300x300.png\" class=\"pt-cv-thumbnail\" alt=\"\" loading=\"lazy\" srcset=\"http:\/\/adegacooperativadesabrosa.pt\/adega\/wp-content\/uploads\/2018\/07\/Reserva-Tinto-2014-\u00a9-o-Revelador_1000-300x300.png 300w, http:\/\/adegacooperativadesabrosa.pt\/adega\/wp-content\/uploads\/2018\/07\/Reserva-Tinto-2014-\u00a9-o-Revelador_1000-150x150.png 150w, http:\/\/adegacooperativadesabrosa.pt\/adega\/wp-content\/uploads\/2018\/07\/Reserva-Tinto-2014-\u00a9-o-Revelador_1000-768x768.png 768w, http:\/\/adegacooperativadesabrosa.pt\/adega\/wp-content\/uploads\/2018\/07\/Reserva-Tinto-2014-\u00a9-o-Revelador_1000-830x830.png 830w, http:\/\/adegacooperativadesabrosa.pt\/adega\/wp-content\/uploads\/2018\/07\/Reserva-Tinto-2014-\u00a9-o-Revelador_1000-230x230.png 230w, http:\/\/adegacooperativadesabrosa.pt\/adega\/wp-content\/uploads\/2018\/07\/Reserva-Tinto-2014-\u00a9-o-Revelador_1000-350x350.png 350w, http:\/\/adegacooperativadesabrosa.pt\/adega\/wp-content\/uploads\/2018\/07\/Reserva-Tinto-2014-\u00a9-o-Revelador_1000-480x480.png 480w, http:\/\/adegacooperativadesabrosa.pt\/adega\/wp-content\/uploads\/2018\/07\/Reserva-Tinto-2014-\u00a9-o-Revelador_1000.png 1000w\" sizes=\"(max-width: 300px) 100vw, 300px\" \/><\/a>\n<h4 class=\"pt-cv-title\"><a href=\"http:\/\/adegacooperativadesabrosa.pt\/adega\/2018\/07\/02\/doc-reserva-tinto-fernao-de-magalhaes\/\" class=\"_self\" target=\"_self\">DOC Reserva Tinto Fern\u00e3o de Magalh\u00e3es<\/a><\/h4><\/div><\/div>\n<div class=\"col-md-3 col-sm-3 col-xs-12 pt-cv-content-item pt-cv-1-col\" ><div class='pt-cv-ifield'><a href=\"http:\/\/adegacooperativadesabrosa.pt\/adega\/2018\/07\/02\/doc-rose-fernao-de-magalhaes\/\" class=\"_self pt-cv-href-thumbnail pt-cv-thumb-default\" target=\"_self\"><img width=\"300\" height=\"300\" src=\"http:\/\/adegacooperativadesabrosa.pt\/adega\/wp-content\/uploads\/2018\/07\/Rose\u0301-\u00a9-o-Revelador-2017_1000-300x300.png\" class=\"pt-cv-thumbnail\" alt=\"\" loading=\"lazy\" srcset=\"http:\/\/adegacooperativadesabrosa.pt\/adega\/wp-content\/uploads\/2018\/07\/Rose\u0301-\u00a9-o-Revelador-2017_1000-300x300.png 300w, http:\/\/adegacooperativadesabrosa.pt\/adega\/wp-content\/uploads\/2018\/07\/Rose\u0301-\u00a9-o-Revelador-2017_1000-150x150.png 150w, http:\/\/adegacooperativadesabrosa.pt\/adega\/wp-content\/uploads\/2018\/07\/Rose\u0301-\u00a9-o-Revelador-2017_1000-768x768.png 768w, http:\/\/adegacooperativadesabrosa.pt\/adega\/wp-content\/uploads\/2018\/07\/Rose\u0301-\u00a9-o-Revelador-2017_1000-830x830.png 830w, http:\/\/adegacooperativadesabrosa.pt\/adega\/wp-content\/uploads\/2018\/07\/Rose\u0301-\u00a9-o-Revelador-2017_1000-230x230.png 230w, http:\/\/adegacooperativadesabrosa.pt\/adega\/wp-content\/uploads\/2018\/07\/Rose\u0301-\u00a9-o-Revelador-2017_1000-350x350.png 350w, http:\/\/adegacooperativadesabrosa.pt\/adega\/wp-content\/uploads\/2018\/07\/Rose\u0301-\u00a9-o-Revelador-2017_1000-480x480.png 480w, http:\/\/adegacooperativadesabrosa.pt\/adega\/wp-content\/uploads\/2018\/07\/Rose\u0301-\u00a9-o-Revelador-2017_1000.png 1000w\" sizes=\"(max-width: 300px) 100vw, 300px\" \/><\/a>\n<h4 class=\"pt-cv-title\"><a href=\"http:\/\/adegacooperativadesabrosa.pt\/adega\/2018\/07\/02\/doc-rose-fernao-de-magalhaes\/\" class=\"_self\" target=\"_self\">DOC Ros\u00e9 Fern\u00e3o de Magalh\u00e3es<\/a><\/h4><\/div><\/div>\n<div class=\"col-md-3 col-sm-3 col-xs-12 pt-cv-content-item pt-cv-1-col\" ><div class='pt-cv-ifield'><a href=\"http:\/\/adegacooperativadesabrosa.pt\/adega\/2018\/07\/02\/doc-tinto-fernao-de-magalhaes\/\" class=\"_self pt-cv-href-thumbnail pt-cv-thumb-default\" target=\"_self\"><img width=\"300\" height=\"300\" src=\"http:\/\/adegacooperativadesabrosa.pt\/adega\/wp-content\/uploads\/2018\/07\/vinho-sabrosa-04_1000-300x300.png\" class=\"pt-cv-thumbnail\" alt=\"\" loading=\"lazy\" srcset=\"http:\/\/adegacooperativadesabrosa.pt\/adega\/wp-content\/uploads\/2018\/07\/vinho-sabrosa-04_1000-300x300.png 300w, http:\/\/adegacooperativadesabrosa.pt\/adega\/wp-content\/uploads\/2018\/07\/vinho-sabrosa-04_1000-150x150.png 150w, http:\/\/adegacooperativadesabrosa.pt\/adega\/wp-content\/uploads\/2018\/07\/vinho-sabrosa-04_1000-768x768.png 768w, http:\/\/adegacooperativadesabrosa.pt\/adega\/wp-content\/uploads\/2018\/07\/vinho-sabrosa-04_1000-830x830.png 830w, http:\/\/adegacooperativadesabrosa.pt\/adega\/wp-content\/uploads\/2018\/07\/vinho-sabrosa-04_1000-230x230.png 230w, http:\/\/adegacooperativadesabrosa.pt\/adega\/wp-content\/uploads\/2018\/07\/vinho-sabrosa-04_1000-350x350.png 350w, http:\/\/adegacooperativadesabrosa.pt\/adega\/wp-content\/uploads\/2018\/07\/vinho-sabrosa-04_1000-480x480.png 480w, http:\/\/adegacooperativadesabrosa.pt\/adega\/wp-content\/uploads\/2018\/07\/vinho-sabrosa-04_1000.png 1000w\" sizes=\"(max-width: 300px) 100vw, 300px\" \/><\/a>\n<h4 class=\"pt-cv-title\"><a href=\"http:\/\/adegacooperativadesabrosa.pt\/adega\/2018\/07\/02\/doc-tinto-fernao-de-magalhaes\/\" class=\"_self\" target=\"_self\">DOC Tinto Fern\u00e3o de Magalh\u00e3es<\/a><\/h4><\/div><\/div><\/div><\/div><\/div>\n","protected":false},"excerpt":{"rendered":"DOC Caves Sabrosa Tinto DOC Caves Sabrosa Branco DOC Branco Fern\u00e3o de Magalh\u00e3es DOC Reserva Branco Fern\u00e3o de Magalh\u00e3es DOC Reserva Tinto Fern\u00e3o de Magalh\u00e3es DOC Ros\u00e9 Fern\u00e3o de Magalh\u00e3es DOC Tinto Fern\u00e3o de Magalh\u00e3es","protected":false},"author":2,"featured_media":0,"parent":0,"menu_order":0,"comment_status":"closed","ping_status":"closed","template":"page-templates\/page_fullwidth.php","meta":{"ngg_post_thumbnail":0},"_links":{"self":[{"href":"http:\/\/adegacooperativadesabrosa.pt\/adega\/wp-json\/wp\/v2\/pages\/628"}],"collection":[{"href":"http:\/\/adegacooperativadesabrosa.pt\/adega\/wp-json\/wp\/v2\/pages"}],"about":[{"href":"http:\/\/adegacooperativadesabrosa.pt\/adega\/wp-json\/wp\/v2\/types\/page"}],"author":[{"embeddable":true,"href":"http:\/\/adegacooperativadesabrosa.pt\/adega\/wp-json\/wp\/v2\/users\/2"}],"replies":[{"embeddable":true,"href":"http:\/\/adegacooperativadesabrosa.pt\/adega\/wp-json\/wp\/v2\/comments?post=628"}],"version-history":[{"count":3,"href":"http:\/\/adegacooperativadesabrosa.pt\/adega\/wp-json\/wp\/v2\/pages\/628\/revisions"}],"predecessor-version":[{"id":928,"href":"http:\/\/adegacooperativadesabrosa.pt\/adega\/wp-json\/wp\/v2\/pages\/628\/revisions\/928"}],"wp:attachment":[{"href":"http:\/\/adegacooperativadesabrosa.pt\/adega\/wp-json\/wp\/v2\/media?parent=628"}],"curies":[{"name":"wp","href":"https:\/\/api.w.org\/{rel}","templated":true}]}}