{"id":75,"date":"2016-06-14T06:36:54","date_gmt":"2016-06-14T06:36:54","guid":{"rendered":"http:\/\/sw-themes.com\/porto_dummy\/?page_id=75"},"modified":"2021-10-08T00:15:59","modified_gmt":"2021-10-08T00:15:59","slug":"distribuidores","status":"publish","type":"page","link":"http:\/\/adegacooperativadesabrosa.pt\/adega\/distribuidores\/","title":{"rendered":"Distribuidores"},"content":{"rendered":"\n<figure><iframe src=\"https:\/\/www.google.com\/maps\/d\/u\/0\/embed?mid=10titzYdpwPs-g6kauTj-EnXzXie_xIEx\" width=\"100%\" height=\"480\"><\/iframe><\/figure>\n\n\n\n<div class=\"col-md-4\">\n<p><strong>PORTUGAL<\/strong><\/p>\n<p><strong>Norte<\/strong><\/p>\n<p><strong>Tr\u00e1s-os-Montes e Douro<\/strong><\/p>\n<p>Super Vila Real &#8211; Supermercados Lda (Intermarch\u00e9)<br>Quinta do Lameir\u00e3o &#8211; Nossa S\u00aa Concei\u00e7\u00e3o<br>5000-046 Vila Real<br>(+351) 259 303 000<\/p>\n<p>Maria In\u00e1cia S.R.P. Rodrigues<br>Montalegre<\/p>\n<p>Soc. Agricola Quinta de Sto Ant\u00f3nio de Adorigo Lda<br>Quinta De Santo Antonio &#8211; Adorigo<br>5120 Tabua\u00e7o<br>(+351) 254 789 177<\/p>\n<p>Rodrigo Tavares Carvalho<br>Rua Domingos Jos\u00e9 Da Costa n.\u00ba30 &#8211; Oliveira de Azem\u00e9is<br>(+351) 914 121 928<\/p>\n<p>Tasca T\u00edpica Lapa &amp; Gomes Lda<br>R. da Companhia Mineira 2, 5060-324 Sabrosa<br>(+351) 259 939 691<\/p>\n<p>P\u00f4ncio Alves Janeiro e Irm\u00e3o Lda<br>R. da Ferreirinha, 5050-261 Peso da R\u00e9gua<br>(+351) 254 322 192<\/p>\n<p>Ant\u00f3nio Augusto Guedes<br>Rua Coronel Jaime Neves<br>5060 Sabrosa<\/p>\n<p>Dibireal &#8211; Sequeira &amp; Gon\u00e7alves Lda<br>Viso, Fontes, Vila Real, 5130-053<br>(+351) 254 812 551<br>(+351) 968 513 220<\/p>\n<p>S\u00e9rgio Fernando Lopes Carvas<br>Avenida dos Combatentes da Grande Guerra<br>5060 Sabrosa<br>(+351) 259 939 860<\/p>\n<p>JopMart, Lda<br>5100 Meijinhos<br>(+351) 254 697 324<\/p>\n<p>Vinhos D.Ot\u00edlia, Lda.<br>F\u00f3rum de actividades, Loja nr\u00ba 2, Alameda 13 de Janeiro<br>Sta Marta de Penagui\u00e3o<br>(+351) 254 402 627<\/p>\n<p>S\u00edtio Transmontano Unip Lda<br>Rua Direita, N\u00ba 40, Linhares de Ansi\u00e3es<br>5140-154 Linhares de Ansi\u00e3es<\/p>\n<p>MRS Dias, Lda<br>Quinta do Alvoredo, S\/N\u00ba, Travanca<br>5110-166&nbsp;Armamar<\/p>\n<p>M. Cunha S.A<br>Zona Industrial &#8211; Vila Real<br>+351 259 378 365<\/p>\n<\/div>\n\n\n\n<div class=\"col-md-4\"><p><strong>Norte litoral<\/strong><\/p>\n<p>Evidenceflavour, Wine&amp; Company , Unipessoal. Lda<br>Rua da Rasa, N\u00ba 114 &#8211; Mafamude<br>4400-267 Vila Nova de Gaia<\/p>\n<p>Jos\u00e9 Daniel Ferreira Sim\u00f5es, S.A.<br>Parque Industrial De Lameiros, Basto<br>4860-106 Cabeceiras de Basto<br>(+351) 253 665 225<\/p>\n<p>Artur Correia e Filhos &#8211; Churrascaria Lda<br>Rua de Carrazedo<br>3740 Sever do Vouga &#8211; Cedrim<br>Aveiro &#8211; Portugal<br>(+351) 234 561 582<\/p>\n<p>Orlando N\u00f3brega Unip., Lda<br>Rua do Barreiro 45<br>4400-376 Canidelo, Vila Nova de Gaia<br>(+351) 917 585 501<\/p>\n<p>Abel Ara\u00fajo Abreu, Soc., Unip. Lda<br>Lugar Sarnado, Burg\u00e3es, Porto, 4780 Areias<br>(+351) 919 086 824<\/p>\n<p>Artur Carlos Santos Correia<br>Sever do Vouga<\/p>\n<p>SuperFafe- Supermercados, Lda<br>R. de Cavadas, 4820-099 Fafe<br>(+351) 253 590 808<\/p>\n<p>Jos\u00e9 Alves Vieira &amp; Filhos Lda<br>Av. dos Correios 204, 3885-410 Esmoriz<br>(+351) 256 752 302<\/p>\n<p>Joaquim Rodrigues<br>R. Nova da Esta\u00e7\u00e3o 171<br>4700 Braga<br>(+351) 963 006 898<\/p>\n<p>Bebicer &#8211; Distribui\u00e7\u00e3o de Bebidas, Lda<br>Tv. Padre Arnaldo Duarte 62, 4465 Le\u00e7a do Balio<br>(+351) 229 016 640<\/p>\n<p>Gondovinhos &#8211; Com\u00e9rcio de Bebidas, Lda<br>R. Eng. Adelino Amaro da Costa 208, 4420-007 S. Cosme<br>(+351) 224 836 397<\/p>\n<p>Rumiema &#8211; Com. Distr. de Prod. Alimentares Lda<br>R. do Po\u00e7o Pedreiro 21, 4770 Ruiv\u00e3es<br>(+351) 253 253 049<br>(+351) 925 783 884<\/p>\n<p>Fermibasto &#8211; Com. de Produtos Alimentares Lda<br>Veade, Al\u00e9m Do Rio, Braga, 4890<br>(+351) 255 368 104<\/p>\n<p>Bracara Wine &#8211; Import &amp; Export, Lda.<br>R. da Cruz da Pedra 96, 4700-219 Braga<br>(+351) 969 004 892<\/p>\n<p>Jomano &#8211; Restaurante e Snack Bar Lda<br>R. Conselheiro Lobato 121, 4705-081 Braga<br>(+351) 253 614 816<br>(+351) 933 694 069<\/p>\n<p>Poeta Wines &#8211; Com. de Bebidas Unip. Lda<br>Rua Real 6 port\u00e3o Lado Norte &#8211; Alfena<br>(+351) 917 811 751<\/p>\n<p>Irm\u00e3os Sousa Distribui\u00e7\u00e3o Lda<br>R. de Bou\u00e7o 473, 4815-673 Santo Adri\u00e3o Vizela<\/p>\n<\/div>\n\n\n\n<strong>Centro e Sul<\/strong>\n<div>&nbsp;<\/div>\n<span style=\"font-size: inherit;\">Mundial Imp. &amp; Exp., Lda. (Pingo Doce)<\/span>\n<p>Rua D. Afonso Henriques, Lote 32 1.\u00ba Esq. &#8211; Bobadela<\/p>\n<p>Lx flavour, Lda<br>Rua Augusto Gil, n\u00ba31 A Lisboa<br>(+351) 926 104 366<\/p>\n<p>Comergeste &#8211; Com\u00e9rcio e Gest\u00e3o Unip. Lda<br>Estr. Eiras, 3020-166 Coimbra<br>(+351) 239 431 378<\/p>\n<p>Pangaio &#8211; Vinhos de Portugal Lda<br>Rua 1\u00ba Dezembro, Edif\u00edcio Pinheiro I, R\/CH, 3850-002 Albergaria-a-Velha<br>(+351) 234 527 389<\/p>\n<p>&nbsp;<\/p>\n<\/div>\n<div class=\"col-md-4\"><strong>EUROPA<br><\/strong><span style=\"font-size: inherit;\">Representationes Alai Berri S. L<\/span>\n<p>Erratzu Ind. Pol., 239, 20130 Urnieta, Gipuzkoa, Espanha<br>(+34) 943 55 32 99<\/p>\n<p>M ET B (Monteiro et Borges)<br>8 Rue Emile Sehet, 95150 Taverny, Fran\u00e7a<\/p>\n<p>Chile Wein Import GMBH<br>Bergheimer Str. 1c, 53909 Z\u00fclpich, Alemanha<br>(+49) 2252 4073<\/p>\n<\/div>\n","protected":false},"excerpt":{"rendered":"<p>PORTUGAL Norte Tr\u00e1s-os-Montes e Douro Super Vila Real &#8211; Supermercados Lda (Intermarch\u00e9)Quinta do Lameir\u00e3o &#8211; Nossa S\u00aa Concei\u00e7\u00e3o5000-046 Vila Real(+351) 259 303 000 Maria In\u00e1cia S.R.P. RodriguesMontalegre Soc. Agricola Quinta de Sto Ant\u00f3nio de Adorigo LdaQuinta De Santo Antonio &#8211; Adorigo5120 Tabua\u00e7o(+351) 254 789 177 Rodrigo Tavares CarvalhoRua Domingos Jos\u00e9 Da Costa n.\u00ba30 &#8211; Oliveira [&hellip;]<\/p>\n","protected":false},"author":2,"featured_media":0,"parent":0,"menu_order":0,"comment_status":"closed","ping_status":"closed","template":"page-templates\/page_fullwidth.php","meta":{"ngg_post_thumbnail":0},"_links":{"self":[{"href":"http:\/\/adegacooperativadesabrosa.pt\/adega\/wp-json\/wp\/v2\/pages\/75"}],"collection":[{"href":"http:\/\/adegacooperativadesabrosa.pt\/adega\/wp-json\/wp\/v2\/pages"}],"about":[{"href":"http:\/\/adegacooperativadesabrosa.pt\/adega\/wp-json\/wp\/v2\/types\/page"}],"author":[{"embeddable":true,"href":"http:\/\/adegacooperativadesabrosa.pt\/adega\/wp-json\/wp\/v2\/users\/2"}],"replies":[{"embeddable":true,"href":"http:\/\/adegacooperativadesabrosa.pt\/adega\/wp-json\/wp\/v2\/comments?post=75"}],"version-history":[{"count":22,"href":"http:\/\/adegacooperativadesabrosa.pt\/adega\/wp-json\/wp\/v2\/pages\/75\/revisions"}],"predecessor-version":[{"id":1822,"href":"http:\/\/adegacooperativadesabrosa.pt\/adega\/wp-json\/wp\/v2\/pages\/75\/revisions\/1822"}],"wp:attachment":[{"href":"http:\/\/adegacooperativadesabrosa.pt\/adega\/wp-json\/wp\/v2\/media?parent=75"}],"curies":[{"name":"wp","href":"https:\/\/api.w.org\/{rel}","templated":true}]}}